{"id":890,"date":"2020-07-17T14:14:47","date_gmt":"2020-07-17T14:14:47","guid":{"rendered":"https:\/\/www.atrium.pt\/newsletter\/"},"modified":"2024-07-25T15:31:43","modified_gmt":"2024-07-25T14:31:43","slug":"newsletter","status":"publish","type":"page","link":"https:\/\/www.atrium.pt\/en\/newsletter\/","title":{"rendered":"Newsletter"},"content":{"rendered":"","protected":false},"excerpt":{"rendered":"","protected":false},"author":3,"featured_media":0,"parent":0,"menu_order":27,"comment_status":"closed","ping_status":"closed","template":"","meta":{"_acf_changed":false,"inline_featured_image":false,"footnotes":""},"class_list":["post-890","page","type-page","status-publish","hentry"],"acf":[],"yoast_head":"<!-- This site is optimized with the Yoast SEO plugin v24.2 - https:\/\/yoast.com\/wordpress\/plugins\/seo\/ -->\n<title>Atrium Portfolio Managers &#8226; Newsletter<\/title>\n<meta name=\"description\" content=\"Na Atrium os seus valores s\u00e3o o nosso maior valor, descubra porqu\u00ea e d\u00ea mais valor aos seus investimentos.\" \/>\n<meta name=\"robots\" content=\"index, follow, max-snippet:-1, max-image-preview:large, max-video-preview:-1\" \/>\n<link rel=\"canonical\" href=\"https:\/\/www.atrium.pt\/en\/newsletter\/\" \/>\n<meta property=\"og:locale\" content=\"en_US\" \/>\n<meta property=\"og:type\" content=\"article\" \/>\n<meta property=\"og:title\" content=\"Atrium Portfolio Managers &#8226; Newsletter\" \/>\n<meta property=\"og:description\" content=\"Na Atrium os seus valores s\u00e3o o nosso maior valor, descubra porqu\u00ea e d\u00ea mais valor aos seus investimentos.\" \/>\n<meta property=\"og:url\" content=\"https:\/\/www.atrium.pt\/en\/newsletter\/\" \/>\n<meta property=\"og:site_name\" content=\"Atrium Portfolio Managers\" \/>\n<meta property=\"article:modified_time\" content=\"2024-07-25T14:31:43+00:00\" \/>\n<meta name=\"twitter:card\" content=\"summary_large_image\" \/>\n<script type=\"application\/ld+json\" class=\"yoast-schema-graph\">{\"@context\":\"https:\/\/schema.org\",\"@graph\":[{\"@type\":\"WebPage\",\"@id\":\"https:\/\/www.atrium.pt\/en\/newsletter\/\",\"url\":\"https:\/\/www.atrium.pt\/en\/newsletter\/\",\"name\":\"Atrium Portfolio Managers &#8226; Newsletter\",\"isPartOf\":{\"@id\":\"https:\/\/www.atrium.pt\/en\/#website\"},\"datePublished\":\"2020-07-17T14:14:47+00:00\",\"dateModified\":\"2024-07-25T14:31:43+00:00\",\"description\":\"Na Atrium os seus valores s\u00e3o o nosso maior valor, descubra porqu\u00ea e d\u00ea mais valor aos seus investimentos.\",\"breadcrumb\":{\"@id\":\"https:\/\/www.atrium.pt\/en\/newsletter\/#breadcrumb\"},\"inLanguage\":\"en-US\",\"potentialAction\":[{\"@type\":\"ReadAction\",\"target\":[\"https:\/\/www.atrium.pt\/en\/newsletter\/\"]}]},{\"@type\":\"BreadcrumbList\",\"@id\":\"https:\/\/www.atrium.pt\/en\/newsletter\/#breadcrumb\",\"itemListElement\":[{\"@type\":\"ListItem\",\"position\":1,\"name\":\"Home\",\"item\":\"https:\/\/www.atrium.pt\/en\/\"},{\"@type\":\"ListItem\",\"position\":2,\"name\":\"Newsletter\"}]},{\"@type\":\"WebSite\",\"@id\":\"https:\/\/www.atrium.pt\/en\/#website\",\"url\":\"https:\/\/www.atrium.pt\/en\/\",\"name\":\"Atrium Portfolio Managers\",\"description\":\"\",\"publisher\":{\"@id\":\"https:\/\/www.atrium.pt\/en\/#organization\"},\"potentialAction\":[{\"@type\":\"SearchAction\",\"target\":{\"@type\":\"EntryPoint\",\"urlTemplate\":\"https:\/\/www.atrium.pt\/en\/?s={search_term_string}\"},\"query-input\":{\"@type\":\"PropertyValueSpecification\",\"valueRequired\":true,\"valueName\":\"search_term_string\"}}],\"inLanguage\":\"en-US\"},{\"@type\":\"Organization\",\"@id\":\"https:\/\/www.atrium.pt\/en\/#organization\",\"name\":\"Atrium Investimentos\",\"url\":\"https:\/\/www.atrium.pt\/en\/\",\"logo\":{\"@type\":\"ImageObject\",\"inLanguage\":\"en-US\",\"@id\":\"https:\/\/www.atrium.pt\/en\/#\/schema\/logo\/image\/\",\"url\":\"https:\/\/www.atrium.pt\/wp-content\/uploads\/2020\/03\/logo.png\",\"contentUrl\":\"https:\/\/www.atrium.pt\/wp-content\/uploads\/2020\/03\/logo.png\",\"width\":270,\"height\":73,\"caption\":\"Atrium Investimentos\"},\"image\":{\"@id\":\"https:\/\/www.atrium.pt\/en\/#\/schema\/logo\/image\/\"}}]}<\/script>\n<!-- \/ Yoast SEO plugin. -->","yoast_head_json":{"title":"Atrium Portfolio Managers &#8226; Newsletter","description":"Na Atrium os seus valores s\u00e3o o nosso maior valor, descubra porqu\u00ea e d\u00ea mais valor aos seus investimentos.","robots":{"index":"index","follow":"follow","max-snippet":"max-snippet:-1","max-image-preview":"max-image-preview:large","max-video-preview":"max-video-preview:-1"},"canonical":"https:\/\/www.atrium.pt\/en\/newsletter\/","og_locale":"en_US","og_type":"article","og_title":"Atrium Portfolio Managers &#8226; Newsletter","og_description":"Na Atrium os seus valores s\u00e3o o nosso maior valor, descubra porqu\u00ea e d\u00ea mais valor aos seus investimentos.","og_url":"https:\/\/www.atrium.pt\/en\/newsletter\/","og_site_name":"Atrium Portfolio Managers","article_modified_time":"2024-07-25T14:31:43+00:00","twitter_card":"summary_large_image","schema":{"@context":"https:\/\/schema.org","@graph":[{"@type":"WebPage","@id":"https:\/\/www.atrium.pt\/en\/newsletter\/","url":"https:\/\/www.atrium.pt\/en\/newsletter\/","name":"Atrium Portfolio Managers &#8226; Newsletter","isPartOf":{"@id":"https:\/\/www.atrium.pt\/en\/#website"},"datePublished":"2020-07-17T14:14:47+00:00","dateModified":"2024-07-25T14:31:43+00:00","description":"Na Atrium os seus valores s\u00e3o o nosso maior valor, descubra porqu\u00ea e d\u00ea mais valor aos seus investimentos.","breadcrumb":{"@id":"https:\/\/www.atrium.pt\/en\/newsletter\/#breadcrumb"},"inLanguage":"en-US","potentialAction":[{"@type":"ReadAction","target":["https:\/\/www.atrium.pt\/en\/newsletter\/"]}]},{"@type":"BreadcrumbList","@id":"https:\/\/www.atrium.pt\/en\/newsletter\/#breadcrumb","itemListElement":[{"@type":"ListItem","position":1,"name":"Home","item":"https:\/\/www.atrium.pt\/en\/"},{"@type":"ListItem","position":2,"name":"Newsletter"}]},{"@type":"WebSite","@id":"https:\/\/www.atrium.pt\/en\/#website","url":"https:\/\/www.atrium.pt\/en\/","name":"Atrium Portfolio Managers","description":"","publisher":{"@id":"https:\/\/www.atrium.pt\/en\/#organization"},"potentialAction":[{"@type":"SearchAction","target":{"@type":"EntryPoint","urlTemplate":"https:\/\/www.atrium.pt\/en\/?s={search_term_string}"},"query-input":{"@type":"PropertyValueSpecification","valueRequired":true,"valueName":"search_term_string"}}],"inLanguage":"en-US"},{"@type":"Organization","@id":"https:\/\/www.atrium.pt\/en\/#organization","name":"Atrium Investimentos","url":"https:\/\/www.atrium.pt\/en\/","logo":{"@type":"ImageObject","inLanguage":"en-US","@id":"https:\/\/www.atrium.pt\/en\/#\/schema\/logo\/image\/","url":"https:\/\/www.atrium.pt\/wp-content\/uploads\/2020\/03\/logo.png","contentUrl":"https:\/\/www.atrium.pt\/wp-content\/uploads\/2020\/03\/logo.png","width":270,"height":73,"caption":"Atrium Investimentos"},"image":{"@id":"https:\/\/www.atrium.pt\/en\/#\/schema\/logo\/image\/"}}]}},"_links":{"self":[{"href":"https:\/\/www.atrium.pt\/en\/wp-json\/wp\/v2\/pages\/890","targetHints":{"allow":["GET"]}}],"collection":[{"href":"https:\/\/www.atrium.pt\/en\/wp-json\/wp\/v2\/pages"}],"about":[{"href":"https:\/\/www.atrium.pt\/en\/wp-json\/wp\/v2\/types\/page"}],"author":[{"embeddable":true,"href":"https:\/\/www.atrium.pt\/en\/wp-json\/wp\/v2\/users\/3"}],"replies":[{"embeddable":true,"href":"https:\/\/www.atrium.pt\/en\/wp-json\/wp\/v2\/comments?post=890"}],"version-history":[{"count":3,"href":"https:\/\/www.atrium.pt\/en\/wp-json\/wp\/v2\/pages\/890\/revisions"}],"predecessor-version":[{"id":6439,"href":"https:\/\/www.atrium.pt\/en\/wp-json\/wp\/v2\/pages\/890\/revisions\/6439"}],"wp:attachment":[{"href":"https:\/\/www.atrium.pt\/en\/wp-json\/wp\/v2\/media?parent=890"}],"curies":[{"name":"wp","href":"https:\/\/api.w.org\/{rel}","templated":true}]}}